{"id":17189,"date":"2020-01-10T18:00:44","date_gmt":"2020-01-10T09:00:44","guid":{"rendered":"http:\/\/www.curemaid.jp\/ar\/?page_id=17189"},"modified":"2020-01-16T10:10:39","modified_gmt":"2020-01-16T01:10:39","slug":"2020%e5%b9%b41%e6%9c%8817%e6%97%a5%ef%bc%88%e9%87%91%ef%bc%89%ef%bd%9e2%e6%9c%882%e6%97%a5%ef%bc%88%e6%97%a5%ef%bc%89%e3%80%8e%e5%8a%87%e5%a0%b4%e7%89%88%e3%80%8c%e3%83%a1%e3%82%a4%e3%83%89%e3%82%a4","status":"publish","type":"page","link":"http:\/\/www.curemaid.jp\/ar\/?page_id=17189","title":{"rendered":"2020\u5e741\u670817\u65e5\uff08\u91d1\uff09\uff5e2\u67082\u65e5\uff08\u65e5\uff09<br \/>\u5287\u5834\u7248\u300c\u30e1\u30a4\u30c9\u30a4\u30f3\u30a2\u30d3\u30b9 \u6df1\u304d\u9b42\u306e\u9ece\u660e\u300d\u30ab\u30d5\u30a7\u958b\u50ac\u6c7a\u5b9a\uff01"},"content":{"rendered":"<p><img src='http:\/\/www.curemaid.jp\/ar\/wp-content\/uploads\/2019\/12\/191216-02.jpg?1202' alt=\"\u5287\u5834\u7248\u300c\u30e1\u30a4\u30c9\u30a4\u30f3\u30a2\u30d3\u30b9 \u6df1\u304d\u9b42\u306e\u9ece\u660e\u300d\u30ab\u30d5\u30a7\" width=\"360\" \/><\/p>\n<p>\u3064\u3044\u306b3\u56de\u76ee\uff01\uff01<br \/>\n\u300e\u30e1\u30a4\u30c9\u30a4\u30f3\u30a2\u30d3\u30b9\u300f\u00d7\u300e\u30ad\u30e5\u30a2\u30e1\u30a4\u30c9\u30ab\u30d5\u30a7\u300f\u306e\u30b3\u30e9\u30dc\u30ab\u30d5\u30a7\u2606<\/p>\n<p>\u5287\u5834\u7248\u300c\u30e1\u30a4\u30c9\u30a4\u30f3\u30a2\u30d3\u30b9 \u6df1\u304d\u9b42\u306e\u9ece\u660e\u300d\u306e1\u670817\u65e5\u304b\u3089\u306e\u5287\u5834\u516c\u958b\u3092\u8a18\u5ff5\u3057\u3066\u30b3\u30e9\u30dc\u30ab\u30d5\u30a7\u304c\u958b\u50ac\u6c7a\u5b9a\uff01<\/p>\n<p>\u30ea\u30b3\u3084\u30ec\u30b0\u305f\u3061\u3092\u306f\u3058\u3081\u3001\u4eca\u56de\u306e\u6620\u753b\u306b\u767b\u5834\u3059\u308b\u30d7\u30eb\u30b7\u30e5\u30ab\u3084\u30dc\u30f3\u30c9\u30eb\u30c9\u306e\u30a4\u30e1\u30fc\u30b8\u30c9\u30ea\u30f3\u30af\u3084\u30d5\u30fc\u30c9\u3001\u30b9\u30a4\u30fc\u30c4\u3092\u3054\u63d0\u4f9b\uff01<br \/>\n\u30b3\u30e9\u30dc\u30e1\u30cb\u30e5\u30fc\u3054\u6ce8\u6587\u3067\u9650\u5b9a\u30dd\u30b9\u30c8\u30ab\u30fc\u30c9\u3092\u30d7\u30ec\u30bc\u30f3\u30c8\uff01<\/p>\n<p>\u6620\u753b\u3092\u89b3\u308b\u524d\u3084\u89b3\u305f\u5f8c\u306b\u3001\u30b3\u30e9\u30dc\u30ab\u30d5\u30a7\u3067\u3082\u300e\u30e1\u30a4\u30c9\u30a4\u30f3\u30a2\u30d3\u30b9\u300f\u306e\u4e16\u754c\u3092\u697d\u3057\u3082\u3046\u266a<\/p>\n<h2>\u30bf\u30a4\u30c8\u30eb<\/h2>\n<p><strong>\u5287\u5834\u7248\u300c\u30e1\u30a4\u30c9\u30a4\u30f3\u30a2\u30d3\u30b9 \u6df1\u304d\u9b42\u306e\u9ece\u660e\u300d\u30ab\u30d5\u30a7<\/strong><\/p>\n<h2>\u958b\u50ac\u671f\u9593<\/h2>\n<p class=\"eventEnd red\">\n<p class=\"eventDate\"><strong>2020\u5e741\u670817\u65e5\uff08\u91d1\uff09\uff5e2\u67082\u65e5\uff08\u65e5\uff09<\/strong><br \/><span class=\"red\">\u203b\u706b\u66dc\u5b9a\u4f11\u65e5\uff081\u670821\u65e5\u30fb28\u65e5\uff09<\/span><\/p>\n<h2>\u958b\u50ac\u5e97\u8217<\/h2>\n<p><strong>\u30ad\u30e5\u30a2\u30e1\u30a4\u30c9\u30ab\u30d5\u30a7\uff08\u30b8\u30fc\u30b9\u30c8\u30a2\u30fb\u30a2\u30ad\u30d06F\uff09 [<a href=\"https:\/\/www.google.com\/maps\/place\/%E6%97%A5%E6%9C%AC,+%E3%80%92101-0021+%E6%9D%B1%E4%BA%AC%E9%83%BD%E5%8D%83%E4%BB%A3%E7%94%B0%E5%8C%BA%E5%A4%96%E7%A5%9E%E7%94%B0%EF%BC%93%E4%B8%81%E7%9B%AE%EF%BC%91%EF%BC%95%E2%88%92%EF%BC%95\/@35.701847,139.771305,16z\/data=!4m2!3m1!1s0x60188c1ddf56199f:0x34966caa8ff22288?hl=ja\" target=\"_blank\" rel=\"noopener noreferrer\">map<\/a>]<\/strong><\/p>\n<h2>\u30ad\u30e5\u30a2\u30e1\u30a4\u30c9\u30ab\u30d5\u30a7\u30b3\u30e9\u30dc\u9650\u5b9a\u7279\u5178<\/h2>\n<h3>\u9650\u5b9a\u30dd\u30b9\u30c8\u30ab\u30fc\u30c9\uff08\u51684\u7a2e\uff09<\/h3>\n<p>\u30b3\u30e9\u30dc\u30e1\u30cb\u30e5\u30fc\u30921\u54c1\u3054\u6ce8\u6587\u306b\u3064\u304d1\u679a\u30d7\u30ec\u30bc\u30f3\u30c8\uff01<br \/>\n<span class=\"red\">\u203b\u7a2e\u985e\u306f\u9078\u3079\u307e\u305b\u3093\u3002<br \/>\n\u203b\u306a\u304f\u306a\u308a\u6b21\u7b2c\u7d42\u4e86\u3044\u305f\u3057\u307e\u3059\u306e\u3067\u3001\u3054\u4e86\u627f\u304f\u3060\u3055\u3044\u3002<\/span><\/p>\n<p><a href=\"http:\/\/www.curemaid.jp\/ar\/wp-content\/uploads\/2020\/01\/200114-01.jpg\" class=\"group1\"><img decoding=\"async\" src=\"http:\/\/www.curemaid.jp\/ar\/wp-content\/uploads\/2020\/01\/200114-01.jpg\" alt=\"\u9650\u5b9a\u30dd\u30b9\u30c8\u30ab\u30fc\u30c9\uff08\u51684\u7a2e\uff09\" width=\"360\"\/><\/a><\/p>\n<div style=\"background-color:#FFEEEE; border:#FFCCCC 1px solid; padding:0 10px 0 10px; margin:0 0 10px 0;\">\n<p style=\"margin:10px 0;\"><span class=\"icon\">\u2605\u5287\u5834\u9451\u8cde\u5238\u6301\u53c2\u3067\u30d7\u30ec\u30bc\u30f3\u30c8\u2605<\/span><br \/>\n  \u30b3\u30e9\u30dc\u30e1\u30cb\u30e5\u30fc\u3092\u3054\u6ce8\u6587\u306e\u65b9\u3067\u3001\u304a\u4f1a\u8a08\u6642\u306b\u5287\u5834\u7248\u300c\u30e1\u30a4\u30c9\u30a4\u30f3\u30a2\u30d3\u30b9 \u6df1\u304d\u9b42\u306e\u9ece\u660e\u300d\u306e\u5287\u5834\u9451\u8cde\u5238\uff08\u524d\u58f2\u308a\u5238\u30fb\u5f53\u65e5\u5238\u3001\u4f7f\u7528\u524d\u5f8c\u3069\u3061\u3089\u3082\u53ef\uff09\u3092\u3054\u63d0\u793a\u9802\u3051\u308c\u3070\u3001\u30b3\u30e9\u30dc\u9650\u5b9a\u7279\u5178\u306e\u30dd\u30b9\u30c8\u30ab\u30fc\u30c9\u3092\u30d7\u30e9\u30b9\u3067\u30d7\u30ec\u30bc\u30f3\u30c8\uff01<br \/>\n  <span class=\"red\">\u203b\u7a2e\u985e\u306f\u9078\u3079\u307e\u305b\u3093\u3002<br \/>\n  \u203b\u8ffd\u52a0\u306e\u304a\u6e21\u3057\u306f\u3001\u304a\u4e00\u4eba\u3055\u307e\u4e00\u4f1a\u8a081\u679a\u307e\u3067\u3068\u306a\u308a\u307e\u3059\u3002<br \/>\n  \u203b\u306a\u304f\u306a\u308a\u6b21\u7b2c\u7d42\u4e86\u3044\u305f\u3057\u307e\u3059\u306e\u3067\u3001\u3054\u4e86\u627f\u304f\u3060\u3055\u3044\u3002<\/span><\/p>\n<\/div>\n<h2>\u30ad\u30e5\u30a2\u30e1\u30a4\u30c9\u30ab\u30d5\u30a7\u30b3\u30e9\u30dc\u30e1\u30cb\u30e5\u30fc<\/h2>\n<h3>\u30d5\u30fc\u30c9<\/h3>\n<p>\u30d7\u30e9\u30b9\uffe5300\uff0b\u7a0e\u3067\u30c9\u30ea\u30f3\u30af\u30bb\u30c3\u30c8\u306b\u3067\u304d\u307e\u3059\u3002<br \/>\n  <span class=\"red\">\u203b\u30b3\u30e9\u30dc\u30c9\u30ea\u30f3\u30af\u306f\u30c9\u30ea\u30f3\u30af\u30bb\u30c3\u30c8\u5bfe\u8c61\u5916\u3068\u306a\u308a\u307e\u3059\u3002<\/span><\/p>\n<ul class=\"menu\">\n<li class=\"full\">\n<p class=\"txt\"><strong>\u25a0\u30ea\u30b3\u523a\u8eab<\/strong><br \/>\n  \uffe5800\uff0b\u7a0e<br \/>\n  \u30ea\u30b3\u7279\u88fd\u300c\u30cf\u30de\u30b7\u30e9\u30de\u300d\u306e\u523a\u8eab\u3092\u3001\u30aa\u30af\u30e9\u3084\u30e1\u30ab\u30d6\u3082\u6dfb\u3048\u3066\u30cd\u30d0\u30cd\u30d0\u306e\u30b5\u30e9\u30c0\u306b\u30a2\u30ec\u30f3\u30b8\uff01<br \/>\n  \u9752\u306e\u308a\u306e\u98a8\u5473\u304c\u826f\u304f\u3001\u5965\u306b\u6f5c\u3080\u5f3e\u529b\u304c\u5fc3\u5730\u3088\u3044\u4e00\u54c1\u3002<\/p>\n<p><img decoding=\"async\" src=\"http:\/\/www.curemaid.jp\/ar\/wp-content\/uploads\/2019\/12\/200110-02.jpg\" alt=\"\u30ea\u30b3\u523a\u8eab\" width=\"360\"\/><\/p>\n<\/li>\n<li class=\"full\">\n<p class=\"txt\" style=\"margin-bottom:10px;\"><strong>\u25a0\u00d7\u00d7\u00d7\u00d7\u306e\u30d3\u30ea\u30d3\u30ea\u30d1\u30b9\u30bf<\/strong><br \/>\n  \uffe51,200\uff0b\u7a0e<br \/>\n  \u5287\u5834\u7248\u3092\u898b\u3066\u304b\u3089\u306e\u304a\u697d\u3057\u307f\uff01<br \/>\n  <span class=\"red\">\u203b\u30ab\u30d5\u30a7\u5185\u3067\u306f\u30cd\u30bf\u30d0\u30ec\u3057\u3066\u3044\u307e\u3059\u306e\u3067\u3054\u6ce8\u610f\u304f\u3060\u3055\u3044\u3002<\/span><\/p>\n<p><img decoding=\"async\" src=\"http:\/\/www.curemaid.jp\/ar\/wp-content\/uploads\/2019\/12\/200110-03.jpg\" alt=\"\u00d7\u00d7\u00d7\u00d7\u306e\u30d3\u30ea\u30d3\u30ea\u30d1\u30b9\u30bf\" width=\"360\"\/><\/p>\n<\/li>\n<\/ul>\n<h3>\u30b9\u30a4\u30fc\u30c4<\/h3>\n<p>\u30d7\u30e9\u30b9\uffe5300\uff0b\u7a0e\u3067\u30c9\u30ea\u30f3\u30af\u30bb\u30c3\u30c8\u306b\u3067\u304d\u307e\u3059\u3002<br \/>\n<span class=\"red\">\u203b\u30b3\u30e9\u30dc\u30c9\u30ea\u30f3\u30af\u306f\u30c9\u30ea\u30f3\u30af\u30bb\u30c3\u30c8\u5bfe\u8c61\u5916\u3068\u306a\u308a\u307e\u3059\u3002<\/span><\/p>\n<ul class=\"menu\">\n<li class=\"full\">\n<p class=\"txt\"><strong>\u25a0\u30e1\u30a4\u30cb\u30e3\u30d1\u30d5\u30a7<\/strong><br \/>\n    \uffe5800\uff0b\u7a0e<br \/>\n    \u30e1\u30a4\u30cb\u30e3\u306e\u30a6\u3007\u30c1\u3092\u30c8\u30c3\u30d4\u30f3\u30b0\u3057\u305f\u53ef\u611b\u3044\u30d1\u30d5\u30a7&#9829;<br \/>\n    \u3044\u3061\u3054\u30a2\u30a4\u30b9\u306e\u4e0b\u306b\u306f\u3044\u3061\u3054\u30bc\u30ea\u30fc\u3001\u30d1\u30f3\u30ca\u30b3\u30c3\u30bf\u3001\u30b3\u30fc\u30f3\u30d5\u30ec\u30fc\u30af\u304c\u5165\u3063\u3066\u3044\u307e\u3059\u3002<\/p>\n<p><img decoding=\"async\" src=\"http:\/\/www.curemaid.jp\/ar\/wp-content\/uploads\/2019\/12\/200110-04.jpg\" alt=\"\u30e1\u30a4\u30cb\u30e3\u30d1\u30d5\u30a7\" width=\"360\"\/><\/p>\n<\/li>\n<li class=\"full\">\n<p class=\"txt\"><strong>\u25a0\u30dc\u30f3\u30c9\u30eb\u30c9\u306e\u4eee\u9762\u30d1\u30f3\u30b1\u30fc\u30ad<\/strong><br \/>\n    \uffe5800\uff0b\u7a0e<br \/>\n    \u30d1\u30f3\u30b1\u30fc\u30ad\u306e\u9593\u306b\u3075\u308f\u3075\u308f\u306e\u30db\u30a4\u30c3\u30d7\u3092\u631f\u307f\u3001\u7518\u9178\u3063\u3071\u3044\u3079\u30ea\u30fc\uff06\u30d5\u30e9\u30f3\u30dc\u30ef\u30fc\u30ba\u30bd\u30fc\u30b9\u3092\u304b\u3051\u307e\u3057\u305f\u3002<br \/>\n    \u300c\u9ece\u660e\u90f7\u30dc\u30f3\u30c9\u30eb\u30c9\u300d\u306b\u76f8\u5fdc\u3057\u3044\u3001\u7d20\u6674\u3089\u3057\u3044\u30d1\u30f3\u30b1\u30fc\u30ad\u3092\u53ec\u3057\u4e0a\u304c\u308c\uff01<\/p>\n<p><img decoding=\"async\" src=\"http:\/\/www.curemaid.jp\/ar\/wp-content\/uploads\/2019\/12\/200110-05.jpg\" alt=\"\u30dc\u30f3\u30c9\u30eb\u30c9\u306e\u4eee\u9762\u30d1\u30f3\u30b1\u30fc\u30ad\" width=\"360\"\/><\/p>\n<\/li>\n<\/ul>\n<h3>\u30c9\u30ea\u30f3\u30af\u3000\u5404\uffe5500\uff0b\u7a0e\uff08Set Drink \u4e0d\u53ef\uff09<\/h3>\n<ul class=\"menu\">\n<li>\n<p class=\"txt\"><strong>\u25a0\u30ea\u30b3<\/strong><br \/>\n  \u30b0\u30ea\u30fc\u30f3\u30a2\u30c3\u30d7\u30eb\u30b7\u30ed\u30c3\u30d7\u00d7\u30b8\u30f3\u30b8\u30e3\u30fc\u30a8\u30fc\u30eb<br \/>\n  <span class=\"red\">\u203b\u30ea\u30dc\u30f3\u306f\u5225\u306e\u8272\u3082\u3054\u7528\u610f\uff01\u8a73\u3057\u304f\u306f\u5e97\u5185\u3067\u30c1\u30a7\u30c3\u30af\uff01<\/span><\/p>\n<p><img decoding=\"async\" src=\"http:\/\/www.curemaid.jp\/ar\/wp-content\/uploads\/2020\/01\/200110-12.jpg\" alt=\"\u30ea\u30b3\" width=\"180\"\/><\/p>\n<\/li>\n<li>\n<p class=\"txt\"><strong>\u25a0\u30ec\u30b0<\/strong><br \/>\n  \u30d0\u30ca\u30ca\u30b7\u30ed\u30c3\u30d7\u00d7\u30a2\u30a4\u30b9\u30ab\u30d5\u30a7\u30aa\u30ec\uff0b\u30c1\u30e7\u30b3\u30db\u30a4\u30c3\u30d7\uff0b\u30d6\u30eb\u30fc\u30d9\u30ea\u30fc<\/p>\n<p><img decoding=\"async\" src=\"http:\/\/www.curemaid.jp\/ar\/wp-content\/uploads\/2019\/12\/200110-07.jpg\" alt=\"\u30ec\u30b0\" width=\"180\"\/><\/p>\n<\/li>\n<li>\n<p class=\"txt\"><strong>\u25a0\u30ca\u30ca\u30c1<\/strong><br \/>\n  \u685c\u30b7\u30ed\u30c3\u30d7\u00d7\u30a2\u30a4\u30b9\u30ed\u30a4\u30e4\u30eb\u30df\u30eb\u30af\u30c6\u30a3\uff0b\u30db\u30a4\u30c3\u30d7<br \/>\n  <span class=\"red\">\u203b\u98fe\u308a\u306f\u304a\u6301\u3061\u5e30\u308a\u4e0d\u53ef\u3002<\/span><\/p>\n<p><img decoding=\"async\" src=\"http:\/\/www.curemaid.jp\/ar\/wp-content\/uploads\/2019\/12\/200110-08.jpg\" alt=\"\u30ca\u30ca\u30c1\" width=\"180\"\/><\/p>\n<\/li>\n<li>\n<p class=\"txt\"><strong>\u25a0\u30dc\u30f3\u30c9\u30eb\u30c9<\/strong><br \/>\n  \u30a2\u30a4\u30b9\u30b3\u30fc\u30d2\u30fc\uff0b\u30c1\u30e7\u30b3\u30a2\u30a4\u30b9\uff0b\u30c1\u30e7\u30b3\u30c1\u30c3\u30d7\uff0b\u30b3\u30fc\u30d2\u30fc\u30bc\u30ea\u30fc<\/p>\n<p><img decoding=\"async\" src=\"http:\/\/www.curemaid.jp\/ar\/wp-content\/uploads\/2020\/01\/200110-13.jpg\" alt=\"\u30dc\u30f3\u30c9\u30eb\u30c9\" width=\"180\"\/><\/p>\n<\/li>\n<li>\n<p class=\"txt\"><strong>\u25a0\u30d7\u30eb\u30b7\u30e5\u30ab<\/strong><br \/>\n  \u3044\u3061\u3054\u30bc\u30ea\u30fc\u00d7\u30ad\u30e5\u30e9\u30bd\u30fc\u00d7\u30bd\u30fc\u30c0\uff0b\u767d\u30d6\u30c9\u30a6\uff0b\u30db\u30a4\u30c3\u30d7\uff0b\u30d0\u30fc\u30d9\u30ca<\/p>\n<p><img decoding=\"async\" src=\"http:\/\/www.curemaid.jp\/ar\/wp-content\/uploads\/2019\/12\/200110-10.jpg\" alt=\"\u30d7\u30eb\u30b7\u30e5\u30ab\" width=\"180\"\/><\/p>\n<\/li>\n<\/ul>\n<h2>\u95a2\u9023\u5546\u54c1<\/h2>\n<p>\u300e\u30e1\u30a4\u30c9\u30a4\u30f3\u30a2\u30d3\u30b9\u300f\u306e\u95a2\u9023\u5546\u54c1\u306f\u3053\u3061\u3089\uff01<br \/>\n<a href=\"http:\/\/geestore.com\/itemlist\/id\/01477\/mode\/series\" target=\"_blank\" rel=\"noopener noreferrer\"><img decoding=\"async\" src=\"http:\/\/www.curemaid.jp\/ar\/wp-content\/uploads\/2019\/12\/191216-01.jpg\" target=\"_blank\"\/><\/a><\/p>\n<h2>\u95a2\u9023\u30ea\u30f3\u30af<\/h2>\n<p><a href=\"http:\/\/miabyss.com\" target=\"_blank\" rel=\"noopener noreferrer\">\u5287\u5834\u7248\u300c\u30e1\u30a4\u30c9\u30a4\u30f3\u30a2\u30d3\u30b9 \u6df1\u304d\u9b42\u306e\u9ece\u660e\u300d\u516c\u5f0f\u30b5\u30a4\u30c8<\/a><br \/>\n<a href=\"https:\/\/twitter.com\/miabyss_anime\" target=\"_blank\" rel=\"noopener noreferrer\">TV\u30a2\u30cb\u30e1\u300c\u30e1\u30a4\u30c9\u30a4\u30f3\u30a2\u30d3\u30b9\u300d\u516c\u5f0ftwitter<\/a><\/p>\n<p>&copy;\u3064\u304f\u3057\u3042\u304d\u3072\u3068\u30fb\u7af9\u66f8\u623f\uff0f\u30e1\u30a4\u30c9\u30a4\u30f3\u30a2\u30d3\u30b9\u300c\u6df1\u304d\u9b42\u306e\u9ece\u660e\u300d\u88fd\u4f5c\u59d4\u54e1\u4f1a<\/p>\n<p><img decoding=\"async\" src=\"wp-content\/uploads\/2007\/07\/line_b.gif\" width=360 height=1 \/><\/p>\n<p style=\"text-align:center\"><a href=\"http:\/\/www.curemaid.jp\/ar\/\" target=\"_top\" rel=\"noopener noreferrer\"><img loading=\"lazy\" decoding=\"async\" src=\"wp-content\/uploads\/2007\/07\/backtootp.gif\" width=\"161\" height=\"16\" border=\"0\"\/><\/a><\/p>\n<style type=\"text\/css\">\nh2{\nbackground-color:#231850;\npadding:5px 10px;\nborder-radius:5px;\nfont-weight:bold;\ncolor:#ffffff;\nfont-size:120%;\nmargin:30px 0 15px;\n}\nh3{\nborder-bottom:1px solid #231850;\nborder-left:3px solid #231850;\npadding:3px 5px;\ncolor:#231850;\nfont-weight:bold;\nmargin:15px 0;\n}\nstrong{\nfont-size:110%;\nline-height:2em;\n}\na:hover img{\nopacity: 0.8;\n}\nul.menu, ul.item {\nmargin:0;\ndisplay:-webkit-box;\ndisplay:-moz-box;\ndisplay:-ms-box;\ndisplay:-webkit-flexbox;\ndisplay:-moz-flexbox;\ndisplay:-ms-flexbox;\ndisplay:-webkit-flex;\ndisplay:-moz-flex;\ndisplay:-ms-flex;\ndisplay:flex;\n-webkit-box-lines:multiple;\n-moz-box-lines:multiple;\n-webkit-flex-wrap:wrap;\n-moz-flex-wrap:wrap;\n-ms-flex-wrap:wrap;\nflex-wrap:wrap;\nwidth:360px;\njustify-content:space-between;\n}\nul.menu li {\ndisplay:flex;\nflex-direction:column;\njustify-content:space-between;\nmargin:0 0 5px 0;\nwidth:48%;\nlist-style:none;\n}\nul.menu li p {\nmargin:0;\n}\nul.menu li p.txt {\nmargin:15px 0 0;\n}\nul.item li {\nmargin:0 0 5px 0;\npadding:5px;\nborder:1px solid #dddddd;\nwidth:46%;\nlist-style:none;\n}\nul.item li.full, ul.menu li.full {\nwidth:100%;\n}\n.icon {\ncolor:#FFFFFF;\nfont-weight:bold;\nborder:solid 1px #FF0000;\npadding:2px 3px 2px 4px;\nline-height:2;\nmargin:5px 5px 5px 0;\nbackground:#FF0000;\nfont-size:110%;\n}\n.red {\ncolor:#8B0000;\n}\n<\/style>\n<p><script>\n$(document).ready(function(){\n    $(\".group1\").colorbox({\n        rel:'group1'\n    });\n});\n$(function(){\nvar endDateArr =[\/\/\u7d42\u4e86\u65e5\u3092\u6307\u5b9a\n2020,2,2\n];\nvar today=new Date();  \/\/\u30b7\u30b9\u30c6\u30e0\u6642\u9593\u306eDate\u30aa\u30d6\u30b8\u30a7\u30af\u30c8\u3092\u751f\u6210\nvar todayT =today.getTime();  \/\/\u4eca\u65e5\u306e\u65e5\u4ed8\u3092\u30df\u30ea\u79d2\u3067\u53d6\u5f97\nvar CpnEndDay =new Date(endDateArr[0],endDateArr[1]-1,endDateArr[2]+1);  \/\/\u7d42\u4e86\u65e5\u306eDate\u30aa\u30d6\u30b8\u30a7\u30af\u30c8\u3092\u751f\u6210\nvar CpnEndDayT =CpnEndDay.getTime();  \/\/\u7d42\u4e86\u65e5\u3092\u30df\u30ea\u79d2\u3067\u53d6\u5f97\nif(todayT > CpnEndDayT)  \/\/\u4eca\u65e5\u306e\u65e5\u4ed8\uff1e\u30ad\u30e3\u30f3\u30da\u30fc\u30f3\u7d42\u4e86\u65e5\u2192Yes\u306e\u5834\u5408\u4ee5\u4e0b\u3092\u5b9f\u884c\n$(\".eventEnd\").html('\u203b\u30a4\u30d9\u30f3\u30c8\u306f\u7d42\u4e86\u3057\u307e\u3057\u305f\u3002'),\n$(\".eventDate\").css('text-decoration','line-through');  \/\/id\u540deventDate\u306b\u6253\u3061\u6d88\u3057\u7dda\n});\n<\/script><\/p>\n","protected":false},"excerpt":{"rendered":"<p>\u3064\u3044\u306b3\u56de\u76ee\uff01\uff01 \u300e\u30e1\u30a4\u30c9\u30a4\u30f3\u30a2\u30d3\u30b9\u300f\u00d7\u300e\u30ad\u30e5\u30a2\u30e1\u30a4\u30c9\u30ab\u30d5\u30a7\u300f\u306e\u30b3\u30e9\u30dc\u30ab\u30d5\u30a7\u2606 \u5287\u5834\u7248\u300c\u30e1\u30a4\u30c9\u30a4\u30f3\u30a2\u30d3\u30b9 \u6df1\u304d\u9b42\u306e\u9ece\u660e\u300d\u306e1\u670817\u65e5\u304b\u3089\u306e\u5287\u5834\u516c\u958b\u3092\u8a18\u5ff5\u3057\u3066\u30b3\u30e9\u30dc\u30ab\u30d5\u30a7\u304c\u958b\u50ac\u6c7a\u5b9a\uff01 \u30ea\u30b3\u3084\u30ec\u30b0\u305f\u3061\u3092\u306f\u3058\u3081\u3001\u4eca\u56de\u306e\u6620\u753b\u306b\u767b [&hellip;]<\/p>\n","protected":false},"author":1,"featured_media":0,"parent":0,"menu_order":0,"comment_status":"closed","ping_status":"closed","template":"","meta":{"footnotes":""},"class_list":["post-17189","page","type-page","status-publish","hentry"],"_links":{"self":[{"href":"http:\/\/www.curemaid.jp\/ar\/index.php?rest_route=\/wp\/v2\/pages\/17189","targetHints":{"allow":["GET"]}}],"collection":[{"href":"http:\/\/www.curemaid.jp\/ar\/index.php?rest_route=\/wp\/v2\/pages"}],"about":[{"href":"http:\/\/www.curemaid.jp\/ar\/index.php?rest_route=\/wp\/v2\/types\/page"}],"author":[{"embeddable":true,"href":"http:\/\/www.curemaid.jp\/ar\/index.php?rest_route=\/wp\/v2\/users\/1"}],"replies":[{"embeddable":true,"href":"http:\/\/www.curemaid.jp\/ar\/index.php?rest_route=%2Fwp%2Fv2%2Fcomments&post=17189"}],"version-history":[{"count":13,"href":"http:\/\/www.curemaid.jp\/ar\/index.php?rest_route=\/wp\/v2\/pages\/17189\/revisions"}],"predecessor-version":[{"id":17444,"href":"http:\/\/www.curemaid.jp\/ar\/index.php?rest_route=\/wp\/v2\/pages\/17189\/revisions\/17444"}],"wp:attachment":[{"href":"http:\/\/www.curemaid.jp\/ar\/index.php?rest_route=%2Fwp%2Fv2%2Fmedia&parent=17189"}],"curies":[{"name":"wp","href":"https:\/\/api.w.org\/{rel}","templated":true}]}}